{"id":317,"date":"2021-05-26T09:36:02","date_gmt":"2021-05-26T09:36:02","guid":{"rendered":"https:\/\/storycraft.ro\/?page_id=317"},"modified":"2021-06-04T10:26:24","modified_gmt":"2021-06-04T10:26:24","slug":"summer-packs","status":"publish","type":"page","link":"https:\/\/storycraft.ro\/oferta\/summer-packs\/","title":{"rendered":"Summer Packs"},"content":{"rendered":"<p>[et_pb_section fb_built=&#8221;1&#8243; admin_label=&#8221;Intro Section&#8221; _builder_version=&#8221;4.9.4&#8243; background_image=&#8221;https:\/\/storycraft.ro\/wp-content\/uploads\/2021\/05\/background-summer-LP.png&#8221; custom_padding=&#8221;60px|0px|60px|0px&#8221;][et_pb_row column_structure=&#8221;1_2,1_2&#8243; admin_label=&#8221;Intro Row&#8221; _builder_version=&#8221;3.25&#8243;][et_pb_column type=&#8221;1_2&#8243; _builder_version=&#8221;3.25&#8243; custom_padding=&#8221;|||&#8221; custom_padding__hover=&#8221;|||&#8221;][et_pb_image src=&#8221;https:\/\/storycraft.ro\/wp-content\/uploads\/2021\/04\/logo-storycraft.png&#8221; title_text=&#8221;logo storycraft&#8221; _builder_version=&#8221;4.9.4&#8243; _module_preset=&#8221;default&#8221; width=&#8221;50%&#8221;][\/et_pb_image][et_pb_text admin_label=&#8221;Tittle &#038; Paragraph&#8221; _builder_version=&#8221;4.9.4&#8243; text_font=&#8221;Open Sans|600|||||||&#8221; text_text_color=&#8221;#FFFFFF&#8221; text_font_size=&#8221;16px&#8221; text_line_height=&#8221;1.8em&#8221; header_font=&#8221;||||||||&#8221; header_2_font=&#8221;Oswald|||on|||||&#8221; header_2_text_color=&#8221;#FFFFFF&#8221; header_2_font_size=&#8221;42px&#8221; header_2_letter_spacing=&#8221;1px&#8221; header_2_line_height=&#8221;1.4em&#8221; module_alignment=&#8221;center&#8221; custom_margin=&#8221;40px|||&#8221; custom_margin_tablet=&#8221;0px|||&#8221; custom_margin_phone=&#8221;|||&#8221; custom_margin_last_edited=&#8221;on|phone&#8221;]<\/p>\n<h2>ne-am propus s\u0103 sus\u021binem fenomenul &#8220;cititului pe plaj\u0103&#8221;, din ce \u00een ce mai popular \u0219i \u00een Rom\u00e2nia<\/h2>\n<p>Vacan\u021ba nu numai c\u0103 te preg\u0103te\u0219te pentru pl\u0103cerea de a citi, ci \u00ee\u021bi poate face \u0219i experien\u021ba cititului mai benefic\u0103.<\/p>\n<p>[\/et_pb_text][et_pb_testimonial author=&#8221;Andreea Cristea&#8221; portrait_url=&#8221;https:\/\/storycraft.ro\/wp-content\/uploads\/2021\/06\/image-2.jpg&#8221; quote_icon_color=&#8221;RGBA(0,0,0,0)&#8221; quote_icon_background_color=&#8221;RGBA(0,0,0,0)&#8221; _builder_version=&#8221;4.9.4&#8243; _module_preset=&#8221;default&#8221; body_text_color=&#8221;#FFFFFF&#8221; position_font_size=&#8221;6px&#8221; background_color=&#8221;RGBA(0,0,0,0)&#8221;]<\/p>\n<p><em>\u201cSa simti nisipul pe piele, sa auzi valurile pe fundal si sa fii scufundata complet in paginile unei carti, cred ca este cel mai frumos cadou pe care mi-l puteam face in vara asta. Iar povestile de la StoryCraft sunt extraordinare.\u201d<\/em><\/p>\n<p>[\/et_pb_testimonial][\/et_pb_column][et_pb_column type=&#8221;1_2&#8243; _builder_version=&#8221;3.25&#8243; custom_padding=&#8221;|||&#8221; custom_padding__hover=&#8221;|||&#8221;][\/et_pb_column][\/et_pb_row][\/et_pb_section][et_pb_section fb_built=&#8221;1&#8243; admin_label=&#8221;Products Section&#8221; _builder_version=&#8221;4.9.4&#8243; background_color=&#8221;#f9f9f9&#8243; custom_padding=&#8221;35px|0px|56px|0px||&#8221;][et_pb_row admin_label=&#8221;Section Header Row&#8221; _builder_version=&#8221;3.25&#8243; custom_padding=&#8221;0px|0px|27px|0px&#8221;][et_pb_column type=&#8221;4_4&#8243; _builder_version=&#8221;3.25&#8243; custom_padding=&#8221;|||&#8221; custom_padding__hover=&#8221;|||&#8221;][et_pb_text admin_label=&#8221;Tittle &#038; Paragraph&#8221; _builder_version=&#8221;4.9.4&#8243; text_font=&#8221;Open Sans|600|||||||&#8221; text_font_size=&#8221;16px&#8221; text_line_height=&#8221;1.8em&#8221; link_font=&#8221;||||||||&#8221; ul_font=&#8221;||||||||&#8221; ol_font=&#8221;||||||||&#8221; quote_font=&#8221;||||||||&#8221; header_font=&#8221;||||||||&#8221; header_2_font=&#8221;Oswald|||on|||||&#8221; header_2_font_size=&#8221;42px&#8221; header_2_letter_spacing=&#8221;1px&#8221; header_2_line_height=&#8221;1.4em&#8221; text_orientation=&#8221;center&#8221; max_width=&#8221;700px&#8221; module_alignment=&#8221;center&#8221; custom_margin=&#8221;40px|||&#8221; custom_margin_tablet=&#8221;0px|||&#8221; custom_margin_phone=&#8221;|||&#8221; custom_margin_last_edited=&#8221;on|phone&#8221;]<\/p>\n<h2>C\u0103r\u021bi premium pentru<\/h2>\n<h2>&#8220;Summer Reading list&#8221;<\/h2>\n<p>Storycraft Publishing \u021bi-a preg\u0103tit 3 pachete cu c\u0103r\u021bi care merit\u0103 citite. Alege-l pe cel mai potrivit pentru tine!<\/p>\n<p>[\/et_pb_text][et_pb_text _builder_version=&#8221;4.9.4&#8243; _module_preset=&#8221;default&#8221; header_text_color=&#8221;#E02B20&#8243; header_2_font=&#8221;PT Sans|700|||||||&#8221; header_2_text_color=&#8221;#E02B20&#8243;]<\/p>\n<h2 style=\"text-align: center;\">Oferta este valabil\u0103 p\u00e2n\u0103 pe 15 Iunie 2021, ora 20:00.<\/h2>\n<p>[\/et_pb_text][\/et_pb_column][\/et_pb_row][et_pb_row column_structure=&#8221;1_3,1_3,1_3&#8243; use_custom_gutter=&#8221;on&#8221; gutter_width=&#8221;2&#8243; _builder_version=&#8221;4.9.4&#8243; width=&#8221;95%&#8221; max_width=&#8221;1500px&#8221; locked=&#8221;off&#8221;][et_pb_column type=&#8221;1_3&#8243; _builder_version=&#8221;3.25&#8243; custom_padding=&#8221;|||&#8221; custom_padding__hover=&#8221;|||&#8221;][et_pb_blurb title=&#8221;pachet storycraft&#8221; image=&#8221;https:\/\/storycraft.ro\/wp-content\/uploads\/2021\/06\/3rd-pack.png&#8221; admin_label=&#8221;Juice Type&#8221; _builder_version=&#8221;4.9.4&#8243; header_font=&#8221;Oswald|||on|||||&#8221; header_text_align=&#8221;center&#8221; header_font_size=&#8221;30px&#8221; header_letter_spacing=&#8221;2px&#8221; header_line_height=&#8221;1.4em&#8221; body_font=&#8221;Open Sans|600|||||||&#8221; body_text_align=&#8221;center&#8221; body_font_size=&#8221;16px&#8221; body_line_height=&#8221;1.8em&#8221; background_color=&#8221;rgba(0,89,153,0.6)&#8221; background_layout=&#8221;dark&#8221; custom_padding=&#8221;60px|40px|60px|40px&#8221; animation_style=&#8221;zoom&#8221; animation_delay=&#8221;100ms&#8221; animation_intensity_zoom=&#8221;10%&#8221; animation=&#8221;off&#8221; link_option_url=&#8221;https:\/\/www.storycraft.ro\/shop\/pachet-storycraft\/&#8221; link_option_url_new_window=&#8221;on&#8221; border_radii=&#8221;on|6px|6px|6px|6px&#8221; box_shadow_style=&#8221;preset1&#8243; box_shadow_vertical=&#8221;20px&#8221; box_shadow_blur=&#8221;50px&#8221; box_shadow_color=&#8221;rgba(0,0,0,0.1)&#8221; locked=&#8221;off&#8221;]<\/p>\n<h1><strong>164 RON<\/strong><\/h1>\n<h3><span style=\"text-decoration: line-through;\">234 RON<\/span><\/h3>\n<p>Click pentru detalii<\/p>\n<p>[\/et_pb_blurb][\/et_pb_column][et_pb_column type=&#8221;1_3&#8243; _builder_version=&#8221;3.25&#8243; custom_padding=&#8221;|||&#8221; custom_padding__hover=&#8221;|||&#8221;][et_pb_blurb title=&#8221;pachet summer&#8221; image=&#8221;https:\/\/storycraft.ro\/wp-content\/uploads\/2021\/06\/2nd-pack.png&#8221; admin_label=&#8221;Juice Type&#8221; _builder_version=&#8221;4.9.4&#8243; header_font=&#8221;Oswald|||on|||||&#8221; header_text_align=&#8221;center&#8221; header_font_size=&#8221;30px&#8221; header_letter_spacing=&#8221;2px&#8221; header_line_height=&#8221;1.4em&#8221; body_font=&#8221;Open Sans|600|||||||&#8221; body_text_align=&#8221;center&#8221; body_font_size=&#8221;16px&#8221; body_line_height=&#8221;1.8em&#8221; background_color=&#8221;rgba(52,153,58,0.8)&#8221; background_layout=&#8221;dark&#8221; custom_padding=&#8221;60px|40px|60px|40px&#8221; animation_style=&#8221;zoom&#8221; animation_intensity_zoom=&#8221;10%&#8221; animation=&#8221;off&#8221; link_option_url=&#8221;https:\/\/www.storycraft.ro\/shop\/pachet-summer\/&#8221; link_option_url_new_window=&#8221;on&#8221; border_radii=&#8221;on|6px|6px|6px|6px&#8221; box_shadow_style=&#8221;preset1&#8243; box_shadow_vertical=&#8221;20px&#8221; box_shadow_blur=&#8221;50px&#8221; box_shadow_color=&#8221;rgba(0,0,0,0.1)&#8221; locked=&#8221;off&#8221;]<\/p>\n<h1><strong>109 RON<\/strong><\/h1>\n<h3><span style=\"text-decoration: line-through;\">156 RON<\/span><\/h3>\n<p>Click pentru detalii<\/p>\n<p>[\/et_pb_blurb][\/et_pb_column][et_pb_column type=&#8221;1_3&#8243; _builder_version=&#8221;3.25&#8243; custom_padding=&#8221;|||&#8221; custom_padding__hover=&#8221;|||&#8221;][et_pb_blurb title=&#8221;Pachet aventura&#8221; image=&#8221;https:\/\/storycraft.ro\/wp-content\/uploads\/2021\/06\/1st-pack.png&#8221; admin_label=&#8221;Juice Type&#8221; _builder_version=&#8221;4.9.4&#8243; header_font=&#8221;Oswald|||on|||||&#8221; header_text_align=&#8221;center&#8221; header_font_size=&#8221;30px&#8221; header_letter_spacing=&#8221;2px&#8221; header_line_height=&#8221;1.4em&#8221; body_font=&#8221;Open Sans|600|||||||&#8221; body_text_align=&#8221;center&#8221; body_font_size=&#8221;16px&#8221; body_line_height=&#8221;1.8em&#8221; background_color=&#8221;rgba(150,45,0,0.64)&#8221; background_layout=&#8221;dark&#8221; custom_padding=&#8221;60px|40px|60px|40px&#8221; animation_style=&#8221;zoom&#8221; animation_delay=&#8221;200ms&#8221; animation_intensity_zoom=&#8221;10%&#8221; animation=&#8221;off&#8221; link_option_url=&#8221;https:\/\/www.storycraft.ro\/shop\/pachet-aventura\/&#8221; link_option_url_new_window=&#8221;on&#8221; border_radii=&#8221;on|6px|6px|6px|6px&#8221; box_shadow_style=&#8221;preset1&#8243; box_shadow_vertical=&#8221;20px&#8221; box_shadow_blur=&#8221;50px&#8221; box_shadow_color=&#8221;rgba(0,0,0,0.1)&#8221; locked=&#8221;off&#8221;]<\/p>\n<h1><strong>68 RON<\/strong><\/h1>\n<h3><span style=\"text-decoration: line-through;\">78 RON<\/span><\/h3>\n<p>Click pentru detalii<\/p>\n<p>[\/et_pb_blurb][\/et_pb_column][\/et_pb_row][\/et_pb_section]<\/p>\n","protected":false},"excerpt":{"rendered":"<p>[et_pb_section fb_built=&#8221;1&#8243; admin_label=&#8221;Intro Section&#8221; _builder_version=&#8221;4.9.4&#8243; background_image=&#8221;https:\/\/storycraft.ro\/wp-content\/uploads\/2021\/05\/background-summer-LP.png&#8221; custom_padding=&#8221;60px|0px|60px|0px&#8221;][et_pb_row column_structure=&#8221;1_2,1_2&#8243; admin_label=&#8221;Intro Row&#8221; _builder_version=&#8221;3.25&#8243;][et_pb_column type=&#8221;1_2&#8243; _builder_version=&#8221;3.25&#8243; custom_padding=&#8221;|||&#8221; custom_padding__hover=&#8221;|||&#8221;][et_pb_image src=&#8221;https:\/\/storycraft.ro\/wp-content\/uploads\/2021\/04\/logo-storycraft.png&#8221; title_text=&#8221;logo storycraft&#8221; _builder_version=&#8221;4.9.4&#8243; _module_preset=&#8221;default&#8221; width=&#8221;50%&#8221;][\/et_pb_image][et_pb_text admin_label=&#8221;Tittle &#038; Paragraph&#8221; _builder_version=&#8221;4.9.4&#8243; text_font=&#8221;Open Sans|600|||||||&#8221; text_text_color=&#8221;#FFFFFF&#8221; text_font_size=&#8221;16px&#8221; text_line_height=&#8221;1.8em&#8221; header_font=&#8221;||||||||&#8221; header_2_font=&#8221;Oswald|||on|||||&#8221; header_2_text_color=&#8221;#FFFFFF&#8221; header_2_font_size=&#8221;42px&#8221; header_2_letter_spacing=&#8221;1px&#8221; header_2_line_height=&#8221;1.4em&#8221; module_alignment=&#8221;center&#8221; custom_margin=&#8221;40px|||&#8221; custom_margin_tablet=&#8221;0px|||&#8221; custom_margin_phone=&#8221;|||&#8221; custom_margin_last_edited=&#8221;on|phone&#8221;] ne-am propus s\u0103 sus\u021binem fenomenul &#8220;cititului pe plaj\u0103&#8221;, din ce \u00een ce mai popular [&hellip;]<\/p>\n","protected":false},"author":2,"featured_media":0,"parent":0,"menu_order":0,"comment_status":"closed","ping_status":"closed","template":"","meta":{"_et_pb_use_builder":"on","_et_pb_old_content":"","_et_gb_content_width":"","_monsterinsights_skip_tracking":false,"_monsterinsights_sitenote_active":false,"_monsterinsights_sitenote_note":"","_monsterinsights_sitenote_category":0,"footnotes":""},"class_list":["post-317","page","type-page","status-publish","hentry"],"_links":{"self":[{"href":"https:\/\/storycraft.ro\/oferta\/wp-json\/wp\/v2\/pages\/317","targetHints":{"allow":["GET"]}}],"collection":[{"href":"https:\/\/storycraft.ro\/oferta\/wp-json\/wp\/v2\/pages"}],"about":[{"href":"https:\/\/storycraft.ro\/oferta\/wp-json\/wp\/v2\/types\/page"}],"author":[{"embeddable":true,"href":"https:\/\/storycraft.ro\/oferta\/wp-json\/wp\/v2\/users\/2"}],"replies":[{"embeddable":true,"href":"https:\/\/storycraft.ro\/oferta\/wp-json\/wp\/v2\/comments?post=317"}],"version-history":[{"count":32,"href":"https:\/\/storycraft.ro\/oferta\/wp-json\/wp\/v2\/pages\/317\/revisions"}],"predecessor-version":[{"id":407,"href":"https:\/\/storycraft.ro\/oferta\/wp-json\/wp\/v2\/pages\/317\/revisions\/407"}],"wp:attachment":[{"href":"https:\/\/storycraft.ro\/oferta\/wp-json\/wp\/v2\/media?parent=317"}],"curies":[{"name":"wp","href":"https:\/\/api.w.org\/{rel}","templated":true}]}}